{"id":56,"date":"2017-08-23T17:19:57","date_gmt":"2017-08-23T15:19:57","guid":{"rendered":"http:\/\/forsamlingsutveckling.se\/snabbskola\/?page_id=56"},"modified":"2019-12-02T16:08:22","modified_gmt":"2019-12-02T15:08:22","slug":"snabbskolan","status":"publish","type":"page","link":"http:\/\/forsamlingsutveckling.se\/snabbskola\/","title":{"rendered":"F\u00f6rsta sidan"},"content":{"rendered":"<p>[et_pb_section fb_built=&#8221;1&#8243; fullwidth=&#8221;on&#8221; _builder_version=&#8221;4.0.7&#8243;][et_pb_fullwidth_image src=&#8221;http:\/\/forsamlingsutveckling.se\/snabbskola\/wp-content\/uploads\/sites\/9\/2019\/12\/SNABBSKOLA_I_NFU.png&#8221; _builder_version=&#8221;4.0.7&#8243; hover_enabled=&#8221;0&#8243;][\/et_pb_fullwidth_image][\/et_pb_section][et_pb_section fb_built=&#8221;1&#8243; _builder_version=&#8221;3.22&#8243;][et_pb_row _builder_version=&#8221;3.25&#8243; custom_padding=&#8221;0px|0px|27px|0px&#8221;][et_pb_column type=&#8221;4_4&#8243; _builder_version=&#8221;3.25&#8243; custom_padding=&#8221;|||&#8221; custom_padding__hover=&#8221;|||&#8221;][et_pb_text _builder_version=&#8221;3.27.4&#8243;]<\/p>\n<p>Syftet med \u201cSnabbskolan\u201d \u00e4r att du p\u00e5 ett enkelt s\u00e4tt kan f\u00e5 en inblick i vad Naturlig f\u00f6rsamlingsutveckling \u00e4r. Om du sedan blir fortsatt intresserad s\u00e5 finns det en uppsj\u00f6 material och b\u00f6cker att f\u00f6rkovra sig i &#8211; men kom ih\u00e5g att naturlig f\u00f6rsamlingsutveckling (NFU) inte bara \u00e4r teori att l\u00e4sa om, utan att det framf\u00f6r allt ska levas! NFU \u00e4r inte som m\u00e5nga tror, en unders\u00f6kning utan ett processorienterat f\u00f6r\u00e4ndringsarbete. Ofta b\u00f6rjar det med att man g\u00f6r en unders\u00f6kning men inte alltid, en del har b\u00f6rjat med att l\u00e4sa Christian Schwarts b\u00f6cker och sedan implementera kunskaperna.<\/p>\n<p>En NFU-unders\u00f6kning \u00e4r d\u00e4remot ett utomordentligt redskap f\u00f6r att utv\u00e4rdera v\u00e4xtprinciper i en f\u00f6rsamling, ungef\u00e4r som en h\u00e4lsokontroll. Men att som f\u00f6rsamling g\u00f6ra enbart en under s\u00f6kning g\u00f6r ingen skillnad, det \u00e4r att m\u00e5lmedvetet arbeta med r\u00e4tt saker \u00f6ver tid som g\u00f6r skillnad. D\u00e4rf\u00f6r \u00e4r det f\u00f6rst efter upprepade NFU unders\u00f6kningar som Naturlig f\u00f6rsamlings utveckling blir just en naturlig utveckling. Just det, \u00e4r det v\u00e4ldigt viktigt att du har med dig nu n\u00e4r du b\u00f6rjar resan in i NFU!<\/p>\n<p>[\/et_pb_text][\/et_pb_column][\/et_pb_row][et_pb_row _builder_version=&#8221;3.25&#8243; custom_padding=&#8221;0px|0px|25px|0px&#8221;][et_pb_column type=&#8221;4_4&#8243; _builder_version=&#8221;3.25&#8243; custom_padding=&#8221;|||&#8221; custom_padding__hover=&#8221;|||&#8221;][et_pb_text _builder_version=&#8221;3.27.4&#8243;]<\/p>\n<p><a href=\"http:\/\/forsamlingsutveckling.se\/snabbskola\/introduktion\/\"><strong><span style=\"font-size: large;\">&gt; INTRODUKTION<\/span><\/strong><\/a><\/p>\n<p>NFU p&aring; 5 minuter!<\/p>\n<p><span style=\"font-size: large;\"><strong><a href=\"http:\/\/forsamlingsutveckling.se\/snabbskola\/nfu-principerna\/\">&gt; NFU-PRINCIPERNA<\/a><\/strong><\/span><\/p>\n<p>F&ouml;rdjupa dig i NFU!<\/p>\n<p><strong><a href=\"http:\/\/forsamlingsutveckling.se\/snabbskola\/nasta-steg\/\"><span style=\"font-size: large;\">&gt; N&Auml;STA STEG?<\/span><\/a><\/strong><\/p>\n<p>B&ouml;rja arbeta med NFU!<\/p>\n<p>[\/et_pb_text][et_pb_text _builder_version=&#8221;3.27.4&#8243;]<\/p>\n<p><span style=\"font-size: medium;\"><\/span><\/p>\n<p>[\/et_pb_text][et_pb_text _builder_version=&#8221;3.27.4&#8243;]<\/p>\n<p><span style=\"font-size: medium;\"><\/span><\/p>\n<p>[\/et_pb_text][\/et_pb_column][\/et_pb_row][\/et_pb_section]<\/p>\n","protected":false},"excerpt":{"rendered":"<p>Syftet med \u201cSnabbskolan\u201d \u00e4r att du p\u00e5 ett enkelt s\u00e4tt kan f\u00e5 en inblick i vad Naturlig f\u00f6rsamlingsutveckling \u00e4r. Om du sedan blir fortsatt intresserad s\u00e5 finns det en uppsj\u00f6 material och b\u00f6cker att f\u00f6rkovra sig i &#8211; men kom ih\u00e5g att naturlig f\u00f6rsamlingsutveckling (NFU) inte bara \u00e4r teori att l\u00e4sa om, utan att det [&hellip;]<\/p>\n","protected":false},"author":1,"featured_media":0,"parent":0,"menu_order":0,"comment_status":"closed","ping_status":"closed","template":"","meta":{"_et_pb_use_builder":"on","_et_pb_old_content":"","_et_gb_content_width":""},"_links":{"self":[{"href":"http:\/\/forsamlingsutveckling.se\/snabbskola\/wp-json\/wp\/v2\/pages\/56"}],"collection":[{"href":"http:\/\/forsamlingsutveckling.se\/snabbskola\/wp-json\/wp\/v2\/pages"}],"about":[{"href":"http:\/\/forsamlingsutveckling.se\/snabbskola\/wp-json\/wp\/v2\/types\/page"}],"author":[{"embeddable":true,"href":"http:\/\/forsamlingsutveckling.se\/snabbskola\/wp-json\/wp\/v2\/users\/1"}],"replies":[{"embeddable":true,"href":"http:\/\/forsamlingsutveckling.se\/snabbskola\/wp-json\/wp\/v2\/comments?post=56"}],"version-history":[{"count":23,"href":"http:\/\/forsamlingsutveckling.se\/snabbskola\/wp-json\/wp\/v2\/pages\/56\/revisions"}],"predecessor-version":[{"id":550,"href":"http:\/\/forsamlingsutveckling.se\/snabbskola\/wp-json\/wp\/v2\/pages\/56\/revisions\/550"}],"wp:attachment":[{"href":"http:\/\/forsamlingsutveckling.se\/snabbskola\/wp-json\/wp\/v2\/media?parent=56"}],"curies":[{"name":"wp","href":"https:\/\/api.w.org\/{rel}","templated":true}]}}