{"id":420,"date":"2017-08-24T14:39:03","date_gmt":"2017-08-24T12:39:03","guid":{"rendered":"http:\/\/forsamlingsutveckling.se\/snabbskola\/?page_id=420"},"modified":"2019-12-11T23:31:47","modified_gmt":"2019-12-11T22:31:47","slug":"till-sist","status":"publish","type":"page","link":"http:\/\/forsamlingsutveckling.se\/snabbskola\/till-sist\/","title":{"rendered":"Till sist"},"content":{"rendered":"<p>[et_pb_section fb_built=&#8221;1&#8243; fullwidth=&#8221;on&#8221; _builder_version=&#8221;4.0.7&#8243;][et_pb_fullwidth_image src=&#8221;http:\/\/forsamlingsutveckling.se\/snabbskola\/wp-content\/uploads\/sites\/9\/2019\/12\/TILL-SIST.png&#8221; _builder_version=&#8221;4.0.7&#8243;][\/et_pb_fullwidth_image][\/et_pb_section][et_pb_section fb_built=&#8221;1&#8243; _builder_version=&#8221;3.22&#8243;][et_pb_row _builder_version=&#8221;3.25&#8243; custom_padding=&#8221;0px|0px|27px|0px&#8221;][et_pb_column type=&#8221;4_4&#8243; _builder_version=&#8221;3.25&#8243; custom_padding=&#8221;|||&#8221; custom_padding__hover=&#8221;|||&#8221;][et_pb_text _builder_version=&#8221;3.27.4&#8243;]<\/p>\n<p><span style=\"font-size: large;\"><strong>TILL SIST&#8230;<\/strong><\/span><\/p>\n<p><span>Nu har vi vandrat igenom alla de olika ingredienserna som finns i Naturlig f\u00f6rsamlingsutveckling: s\u00e4rdrag, teman, v\u00e4xtkrafter, den treeniga kompassen, handlingsplaner och minimifaktorerna. Dessutom livscykeln som hj\u00e4lper oss med att hitta s\u00e4ttet att arbeta med NFU som en st\u00e4ndigt p\u00e5g\u00e5ende process i en f\u00f6rsamlings liv. I b\u00f6rjan en process som kr\u00e4ver stort engagemang men som \u00f6ver tid g\u00e5r mer och mer av sig sj\u00e4lv.\u00a0<\/span><\/p>\n<p><span>Vi hoppas \u201dSnabbskolan\u201d varit givande och att du f\u00e5tt lust att l\u00e4ra mer. D\u00e5 vill vi uppmuntra dig att inte bara l\u00e4sa och f\u00f6rkovra dig utan ocks\u00e5 aktivt delta i det som \u00e4r naturlig f\u00f6rsamlingsutveckling. Naturligtvis \u00e4r du varmt v\u00e4lkommen att h\u00f6ra av dig till oss f\u00f6r mer information eller f\u00f6r att f\u00e5 svar p\u00e5 fr\u00e5gor du har. Vi hj\u00e4lper er g\u00e4rna ocks\u00e5 till en kontakt med en handledare till er process.\u00a0<\/span><\/p>\n<p><span><em>N\u00e4tverket f\u00f6r F\u00f6rsamlingsutveckling \u00f6nskar er all v\u00e4lsignelse!<\/em>\u00a0<\/span><\/p>\n<p><span style=\"font-size: 18px;\"><br \/><\/span><a href=\"mailto:info@forsamlingutveckling.se\" style=\"font-size: 18px;\"><\/a><span style=\"font-size: 18px;\">Bes\u00f6k <span><a href=\"http:\/\/forsamlingsutveckling.se\"><strong>forsamlingsutveckling.se<\/strong><\/a> f<\/span>\u00f6r mer information om N\u00e4tverket f\u00f6r f\u00f6rsamlingsutveckling<\/span><\/p>\n<p>[\/et_pb_text][\/et_pb_column][\/et_pb_row][\/et_pb_section][et_pb_section fb_built=&#8221;1&#8243; _builder_version=&#8221;4.0.7&#8243; global_module=&#8221;578&#8243; saved_tabs=&#8221;all&#8221;][et_pb_row _builder_version=&#8221;4.0.7&#8243;][et_pb_column type=&#8221;4_4&#8243; _builder_version=&#8221;4.0.7&#8243;][et_pb_code _builder_version=&#8221;4.0.7&#8243; text_orientation_tablet=&#8221;&#8221; text_orientation_phone=&#8221;center&#8221; text_orientation_last_edited=&#8221;on|phone&#8221;]<a href=\"javascript:history.back()\">F\u00f6reg\u00e5ende sida<\/a>[\/et_pb_code][\/et_pb_column][\/et_pb_row][\/et_pb_section]<\/p>\n","protected":false},"excerpt":{"rendered":"<p>TILL SIST&#8230; Nu har vi vandrat igenom alla de olika ingredienserna som finns i Naturlig f\u00f6rsamlingsutveckling: s\u00e4rdrag, teman, v\u00e4xtkrafter, den treeniga kompassen, handlingsplaner och minimifaktorerna. Dessutom livscykeln som hj\u00e4lper oss med att hitta s\u00e4ttet att arbeta med NFU som en st\u00e4ndigt p\u00e5g\u00e5ende process i en f\u00f6rsamlings liv. I b\u00f6rjan en process som kr\u00e4ver stort engagemang [&hellip;]<\/p>\n","protected":false},"author":1,"featured_media":0,"parent":0,"menu_order":0,"comment_status":"closed","ping_status":"closed","template":"","meta":{"_et_pb_use_builder":"on","_et_pb_old_content":"","_et_gb_content_width":""},"_links":{"self":[{"href":"http:\/\/forsamlingsutveckling.se\/snabbskola\/wp-json\/wp\/v2\/pages\/420"}],"collection":[{"href":"http:\/\/forsamlingsutveckling.se\/snabbskola\/wp-json\/wp\/v2\/pages"}],"about":[{"href":"http:\/\/forsamlingsutveckling.se\/snabbskola\/wp-json\/wp\/v2\/types\/page"}],"author":[{"embeddable":true,"href":"http:\/\/forsamlingsutveckling.se\/snabbskola\/wp-json\/wp\/v2\/users\/1"}],"replies":[{"embeddable":true,"href":"http:\/\/forsamlingsutveckling.se\/snabbskola\/wp-json\/wp\/v2\/comments?post=420"}],"version-history":[{"count":7,"href":"http:\/\/forsamlingsutveckling.se\/snabbskola\/wp-json\/wp\/v2\/pages\/420\/revisions"}],"predecessor-version":[{"id":676,"href":"http:\/\/forsamlingsutveckling.se\/snabbskola\/wp-json\/wp\/v2\/pages\/420\/revisions\/676"}],"wp:attachment":[{"href":"http:\/\/forsamlingsutveckling.se\/snabbskola\/wp-json\/wp\/v2\/media?parent=420"}],"curies":[{"name":"wp","href":"https:\/\/api.w.org\/{rel}","templated":true}]}}